{"id":7,"date":"2016-10-10T18:48:08","date_gmt":"2016-10-10T18:48:08","guid":{"rendered":"http:\/\/www.biodir.it\/?page_id=7"},"modified":"2016-10-10T18:48:08","modified_gmt":"2016-10-10T18:48:08","slug":"comitato-scientifico","status":"publish","type":"page","link":"https:\/\/www.biodir.it\/?page_id=7","title":{"rendered":"Comitato scientifico"},"content":{"rendered":"<div class=\"entry-content\">\n<p>Il Comitato scientifico \u00e8 costituito da persone di provata esperienza e competenza nel settore delle Scienze della vita ed \u00e8 il garante del rigore culturale che caratterizza le attivit\u00e0 della Societ\u00e0 italiana di biodiritto.<\/p>\n<p>Fanno parte del Comitato scientifico:<\/p>\n<p>\u2013 <strong>Giovanni Boniolo<\/strong>,\u00a0 laureato in Fisica e in Filosofia, professore ordinario nell\u2019Universit\u00e0 Statale di Milano, Cattedra di Filosofia della Scienza presso il Dipartimento di Scienze della Salute<\/p>\n<p>\u2013 <strong>Christian Byk<\/strong>, giudice presso la Corte d\u2019appello di Parigi, Presidente del\u00a0 Comitato etico della Commissione nazionale francese presso l\u2019UNESCO, fondatore della International Association of Bioethics<\/p>\n<p>\u2013 <strong>Maurizio Ferrari<\/strong>, professore ordinario di patologia clinica nell\u2019Universit\u00e0 Vita-Salute San Raffaele di Milano<\/p>\n<p>\u2013 <strong>Raymond Wacks<\/strong>, Emeritus Professor of Law and Legal Theory nell\u2019Universit\u00e0 di Hong Kong.<\/p>\n<\/div>\n","protected":false},"excerpt":{"rendered":"<p>Il Comitato scientifico \u00e8 costituito da persone di provata esperienza e competenza nel settore delle Scienze della vita ed \u00e8 il garante del rigore culturale che caratterizza le attivit\u00e0 della Societ\u00e0 italiana di biodiritto. Fanno parte del Comitato scientifico: \u2013 &hellip; <a href=\"https:\/\/www.biodir.it\/?page_id=7\">Continue reading <span class=\"meta-nav\">&rarr;<\/span><\/a><\/p>\n","protected":false},"author":1,"featured_media":0,"parent":0,"menu_order":2,"comment_status":"closed","ping_status":"closed","template":"","meta":{"spay_email":""},"jetpack_sharing_enabled":true,"jetpack_shortlink":"https:\/\/wp.me\/P1NJKK-7","_links":{"self":[{"href":"https:\/\/www.biodir.it\/index.php?rest_route=\/wp\/v2\/pages\/7"}],"collection":[{"href":"https:\/\/www.biodir.it\/index.php?rest_route=\/wp\/v2\/pages"}],"about":[{"href":"https:\/\/www.biodir.it\/index.php?rest_route=\/wp\/v2\/types\/page"}],"author":[{"embeddable":true,"href":"https:\/\/www.biodir.it\/index.php?rest_route=\/wp\/v2\/users\/1"}],"replies":[{"embeddable":true,"href":"https:\/\/www.biodir.it\/index.php?rest_route=%2Fwp%2Fv2%2Fcomments&post=7"}],"version-history":[{"count":1,"href":"https:\/\/www.biodir.it\/index.php?rest_route=\/wp\/v2\/pages\/7\/revisions"}],"predecessor-version":[{"id":8,"href":"https:\/\/www.biodir.it\/index.php?rest_route=\/wp\/v2\/pages\/7\/revisions\/8"}],"wp:attachment":[{"href":"https:\/\/www.biodir.it\/index.php?rest_route=%2Fwp%2Fv2%2Fmedia&parent=7"}],"curies":[{"name":"wp","href":"https:\/\/api.w.org\/{rel}","templated":true}]}}