{"id":19,"date":"2016-10-10T18:53:41","date_gmt":"2016-10-10T18:53:41","guid":{"rendered":"http:\/\/www.biodir.it\/?page_id=19"},"modified":"2016-10-10T18:53:41","modified_gmt":"2016-10-10T18:53:41","slug":"dichiarazione-di-principi","status":"publish","type":"page","link":"https:\/\/www.biodir.it\/?page_id=19","title":{"rendered":"Dichiarazione di principi"},"content":{"rendered":"<h1><strong>Cos\u2019\u00e8 la Societ\u00e0 italiana di biodiritto<\/strong><\/h1>\n<p>La Societa\u2019 italiana di biodiritto \u00e8 un\u2019associazione culturale senza scopo di lucro libera e indipendente, apolitica e apartitica che raduna giuristi e scienziati che condividono l\u2019impegno civile di promuovere una visione del biodiritto che sia laica, costituzionale e integrata nel diritto dei trattati e delle convenzioni internazionali.<span id=\"more-114\"><\/span><\/p>\n<h1><strong>Cosa vuole la Societ\u00e0 italiana di biodiritto<\/strong><\/h1>\n<p>Ogni volta che il diritto incrocia la strada della scienza si aprono scenari di grande incertezza nel legislatore e nel mondo del diritto. Il tempo necessario al raggiungimento di una consapevolezza diffusa delle questioni in gioco \u00e8 sempre molto, troppo lungo. Nel frattempo la vita dei cittadini rischia di essere sconvolta da leggi confuse che producono<br \/>\ninterpretazioni contrastanti.<br \/>\nLa Societ\u00e0 italiana di biodiritto mette a disposizione del legislatore, delle istituzioni e dei mezzi di informazione le esperienze e le competenze dei propri associati per contribuire alla costruzione di un biodiritto a misura d\u2019uomo.<\/p>\n<h1><strong>Cosa fa la Societ\u00e0 italiana di biodiritto<\/strong><\/h1>\n<p>L\u2019associazione tutela la libert\u00e0 di insegnamento e di ricerca e promuove lo sviluppo della conoscenza delle questioni giuridiche e scientifiche del biodiritto in ogni sede.<br \/>\nRaccoglie documentazione, pubblica studi, riviste e saggi, organizza convegni e seminari, interviene e prende posizione presso le istituzioni e i mezzi di informazione su ogni questione che coinvolge il biodiritto.<\/p>\n<h1><strong>Cosa NON \u00e8 e cosa NON fa la Societ\u00e0 italiana di biodiritto<\/strong><\/h1>\n<p>L\u2019associazione non \u00e8 una lobby al servizio di imprese, gruppi o interessi particolari. Non \u00e8 un sindacato, un partito n\u00e8 un\u2019organizzazione fiancheggiatrice.<br \/>\nL\u2019associazione vive dei contributi economici, professionali e culturali dei suoi aderenti. Pu\u00f2 accettare sovvenzioni pubbliche o contribuzioni di privati (singoli, enti, imprese e organizzazioni di qualsiasi tipo) ma solo in quanto sottoscrizione dei suoi obiettivi e non come condizionamento della sua azione.<\/p>\n","protected":false},"excerpt":{"rendered":"<p>Cos\u2019\u00e8 la Societ\u00e0 italiana di biodiritto La Societa\u2019 italiana di biodiritto \u00e8 un\u2019associazione culturale senza scopo di lucro libera e indipendente, apolitica e apartitica che raduna giuristi e scienziati che condividono l\u2019impegno civile di promuovere una visione del biodiritto che &hellip; <a href=\"https:\/\/www.biodir.it\/?page_id=19\">Continue reading <span class=\"meta-nav\">&rarr;<\/span><\/a><\/p>\n","protected":false},"author":1,"featured_media":0,"parent":2,"menu_order":8,"comment_status":"closed","ping_status":"closed","template":"","meta":{"spay_email":""},"jetpack_sharing_enabled":true,"jetpack_shortlink":"https:\/\/wp.me\/P1NJKK-j","_links":{"self":[{"href":"https:\/\/www.biodir.it\/index.php?rest_route=\/wp\/v2\/pages\/19"}],"collection":[{"href":"https:\/\/www.biodir.it\/index.php?rest_route=\/wp\/v2\/pages"}],"about":[{"href":"https:\/\/www.biodir.it\/index.php?rest_route=\/wp\/v2\/types\/page"}],"author":[{"embeddable":true,"href":"https:\/\/www.biodir.it\/index.php?rest_route=\/wp\/v2\/users\/1"}],"replies":[{"embeddable":true,"href":"https:\/\/www.biodir.it\/index.php?rest_route=%2Fwp%2Fv2%2Fcomments&post=19"}],"version-history":[{"count":1,"href":"https:\/\/www.biodir.it\/index.php?rest_route=\/wp\/v2\/pages\/19\/revisions"}],"predecessor-version":[{"id":20,"href":"https:\/\/www.biodir.it\/index.php?rest_route=\/wp\/v2\/pages\/19\/revisions\/20"}],"up":[{"embeddable":true,"href":"https:\/\/www.biodir.it\/index.php?rest_route=\/wp\/v2\/pages\/2"}],"wp:attachment":[{"href":"https:\/\/www.biodir.it\/index.php?rest_route=%2Fwp%2Fv2%2Fmedia&parent=19"}],"curies":[{"name":"wp","href":"https:\/\/api.w.org\/{rel}","templated":true}]}}